{"id":75,"date":"2026-02-09T20:35:44","date_gmt":"2026-02-09T20:35:44","guid":{"rendered":"https:\/\/fernandoromeroarquitecto.es\/?page_id=75"},"modified":"2026-02-09T20:54:58","modified_gmt":"2026-02-09T20:54:58","slug":"sobre-mi","status":"publish","type":"page","link":"https:\/\/fernandoromeroarquitecto.es\/index.php\/sobre-mi\/","title":{"rendered":"Sobre m\u00ed"},"content":{"rendered":"<p>[et_pb_section fb_built=\u00bb1&#8243; admin_label=\u00bbHeader\u00bb _builder_version=\u00bb4.18.0&#8243; _module_preset=\u00bbdefault\u00bb custom_padding=\u00bb0px||||false|false\u00bb collapsed=\u00bbon\u00bb global_colors_info=\u00bb{}\u00bb theme_builder_area=\u00bbpost_content\u00bb][et_pb_row column_structure=\u00bb3_5,2_5&#8243; use_custom_gutter=\u00bbon\u00bb gutter_width=\u00bb2&#8243; make_equal=\u00bbon\u00bb _builder_version=\u00bb4.19.0&#8243; _module_preset=\u00bbdefault\u00bb custom_margin=\u00bb||30px||false|false\u00bb custom_padding=\u00bb0px||0px||true|false\u00bb box_shadow_style=\u00bbpreset4&#8243; box_shadow_horizontal=\u00bb30vw\u00bb box_shadow_vertical=\u00bb0px\u00bb box_shadow_color=\u00bbgcid-574a594f-3645-42ee-a9e5-bdcdc84b45bb\u00bb box_shadow_horizontal_tablet=\u00bb0vw\u00bb box_shadow_horizontal_phone=\u00bb0vw\u00bb box_shadow_horizontal_last_edited=\u00bbon|tablet\u00bb global_colors_info=\u00bb{%22gcid-574a594f-3645-42ee-a9e5-bdcdc84b45bb%22:%91%22box_shadow_color%22%93}\u00bb theme_builder_area=\u00bbpost_content\u00bb][et_pb_column type=\u00bb3_5&#8243; _builder_version=\u00bb4.18.0&#8243; _module_preset=\u00bbdefault\u00bb custom_padding=\u00bb8%||||false|false\u00bb global_colors_info=\u00bb{}\u00bb theme_builder_area=\u00bbpost_content\u00bb][et_pb_text _builder_version=\u00bb4.18.1&#8243; _module_preset=\u00bbc16985e1-e0d6-4022-964d-e2bfc04fa633&#8243; header_font=\u00bbSpace Grotesk|500|||||||\u00bb header_text_color=\u00bb#000000&#8243; header_font_size=\u00bb80px\u00bb header_line_height=\u00bb1.2em\u00bb header_font_size_tablet=\u00bb40px\u00bb header_font_size_phone=\u00bb24px\u00bb header_font_size_last_edited=\u00bbon|desktop\u00bb global_colors_info=\u00bb{}\u00bb theme_builder_area=\u00bbpost_content\u00bb]<\/p>\n<h1>Sobre m\u00ed<\/h1>\n<p>[\/et_pb_text][et_pb_image src=\u00bbhttps:\/\/fernandoromeroarquitecto.es\/wp-content\/uploads\/2026\/02\/vista-aerea-sevilla-blog-activitas-1-1-1-1.jpg.webp\u00bb title_text=\u00bbvista-aerea-sevilla-blog-activitas-1-1-1-1.jpg\u00bb _builder_version=\u00bb4.27.5&#8243; _module_preset=\u00bbdefault\u00bb hover_enabled=\u00bb0&#8243; global_colors_info=\u00bb{}\u00bb theme_builder_area=\u00bbpost_content\u00bb sticky_enabled=\u00bb0&#8243;][\/et_pb_image][\/et_pb_column][et_pb_column type=\u00bb2_5&#8243; _builder_version=\u00bb4.19.0&#8243; _module_preset=\u00bbdefault\u00bb background_color=\u00bbgcid-574a594f-3645-42ee-a9e5-bdcdc84b45bb\u00bb custom_padding=\u00bb||30px|30px|false|false\u00bb global_colors_info=\u00bb{%22gcid-574a594f-3645-42ee-a9e5-bdcdc84b45bb%22:%91%22background_color%22%93}\u00bb theme_builder_area=\u00bbpost_content\u00bb][et_pb_image src=\u00bbhttps:\/\/fernandoromeroarquitecto.es\/wp-content\/uploads\/2026\/02\/fernando.jpg\u00bb title_text=\u00bbfernando\u00bb _builder_version=\u00bb4.27.5&#8243; _module_preset=\u00bbdefault\u00bb custom_margin=\u00bb||30px|-30px|false|false\u00bb hover_enabled=\u00bb0&#8243; global_colors_info=\u00bb{}\u00bb theme_builder_area=\u00bbpost_content\u00bb sticky_enabled=\u00bb0&#8243;][\/et_pb_image][et_pb_text _builder_version=\u00bb4.19.0&#8243; _module_preset=\u00bb4827deed-2a92-4d97-a22f-f01067ae6873&#8243; header_font=\u00bb||||||||\u00bb header_4_font=\u00bbSpace Grotesk|700|||||||\u00bb header_4_font_size=\u00bb20px\u00bb header_4_line_height=\u00bb1.4em\u00bb custom_margin=\u00bb||0px||false|false\u00bb header_4_font_size_tablet=\u00bb16px\u00bb header_4_font_size_phone=\u00bb15px\u00bb header_4_font_size_last_edited=\u00bbon|phone\u00bb global_colors_info=\u00bb{}\u00bb theme_builder_area=\u00bbpost_content\u00bb]<\/p>\n<h4>Since<\/h4>\n<p>[\/et_pb_text][et_pb_text _builder_version=\u00bb4.18.1&#8243; _module_preset=\u00bbb327cbe4-b1d5-4b66-ad37-40c8f2f061ba\u00bb header_2_font=\u00bbSpace Grotesk|500|||||||\u00bb header_2_font_size=\u00bb60px\u00bb header_2_line_height=\u00bb1.2em\u00bb header_2_font_size_tablet=\u00bb32px\u00bb header_2_font_size_phone=\u00bb20px\u00bb header_2_font_size_last_edited=\u00bbon|desktop\u00bb global_colors_info=\u00bb{}\u00bb theme_builder_area=\u00bbpost_content\u00bb]<\/p>\n<h2>1979<\/h2>\n<p>[\/et_pb_text][\/et_pb_column][\/et_pb_row][et_pb_row column_structure=\u00bb1_3,1_3,1_3&#8243; _builder_version=\u00bb4.18.0&#8243; _module_preset=\u00bbdefault\u00bb global_colors_info=\u00bb{}\u00bb theme_builder_area=\u00bbpost_content\u00bb][et_pb_column type=\u00bb1_3&#8243; _builder_version=\u00bb4.18.0&#8243; _module_preset=\u00bbdefault\u00bb global_colors_info=\u00bb{}\u00bb theme_builder_area=\u00bbpost_content\u00bb][et_pb_text _builder_version=\u00bb4.27.5&#8243; _module_preset=\u00bb4827deed-2a92-4d97-a22f-f01067ae6873&#8243; header_font=\u00bb||||||||\u00bb header_4_font=\u00bbSpace Grotesk|700|||||||\u00bb header_4_font_size=\u00bb20px\u00bb header_4_line_height=\u00bb1.4em\u00bb custom_margin=\u00bb||0px||false|false\u00bb hover_enabled=\u00bb0&#8243; header_4_font_size_tablet=\u00bb16px\u00bb header_4_font_size_phone=\u00bb15px\u00bb header_4_font_size_last_edited=\u00bbon|phone\u00bb global_colors_info=\u00bb{}\u00bb theme_builder_area=\u00bbpost_content\u00bb sticky_enabled=\u00bb0&#8243; text_font=\u00bb|700|||||||\u00bb text_font_size=\u00bb18px\u00bb min_height=\u00bb29px\u00bb]<\/p>\n<p><b>FORMACI\u00d3N ACAD\u00c9MICA<\/b><\/p>\n<p>[\/et_pb_text][et_pb_text _builder_version=\u00bb4.27.5&#8243; _module_preset=\u00bb4c43b4b6-66bf-432d-959a-705bda24a650&#8243; text_font=\u00bbWork Sans||||||||\u00bb text_line_height=\u00bb1.6em\u00bb hover_enabled=\u00bb0&#8243; header_font_size_tablet=\u00bb55px\u00bb header_font_size_last_edited=\u00bboff|desktop\u00bb global_colors_info=\u00bb{}\u00bb theme_builder_area=\u00bbpost_content\u00bb custom_padding=\u00bb||0px|||\u00bb sticky_enabled=\u00bb0&#8243; custom_margin=\u00bb10px|||||\u00bb]<\/p>\n<p>\u00a0<br \/>ARQUITECTO SUPERIOR<\/p>\n<p>Centro: Escuela T\u00e9cnica Superior de Arquitectura (Universidad de Sevilla).<\/p>\n<p>Promoci\u00f3n: 1997-1998. Plan 75.<span class=\"Apple-converted-space\">\u00a0<\/span><\/p>\n<p>[\/et_pb_text][\/et_pb_column][et_pb_column type=\u00bb1_3&#8243; _builder_version=\u00bb4.18.0&#8243; _module_preset=\u00bbdefault\u00bb global_colors_info=\u00bb{}\u00bb theme_builder_area=\u00bbpost_content\u00bb][et_pb_text _builder_version=\u00bb4.27.5&#8243; _module_preset=\u00bb4827deed-2a92-4d97-a22f-f01067ae6873&#8243; header_font=\u00bb||||||||\u00bb header_4_font=\u00bbSpace Grotesk|700|||||||\u00bb header_4_font_size=\u00bb20px\u00bb header_4_line_height=\u00bb1.4em\u00bb custom_margin=\u00bb||0px||false|false\u00bb hover_enabled=\u00bb0&#8243; header_4_font_size_tablet=\u00bb16px\u00bb header_4_font_size_phone=\u00bb15px\u00bb header_4_font_size_last_edited=\u00bbon|phone\u00bb global_colors_info=\u00bb{}\u00bb theme_builder_area=\u00bbpost_content\u00bb sticky_enabled=\u00bb0&#8243;]<\/p>\n<h4>OTRAS FORMACIONES<\/h4>\n<p>[\/et_pb_text][et_pb_text _builder_version=\u00bb4.18.0&#8243; _module_preset=\u00bb4c43b4b6-66bf-432d-959a-705bda24a650&#8243; text_font=\u00bbWork Sans||||||||\u00bb text_line_height=\u00bb1.6em\u00bb header_font_size_tablet=\u00bb55px\u00bb header_font_size_last_edited=\u00bboff|desktop\u00bb global_colors_info=\u00bb{}\u00bb theme_builder_area=\u00bbpost_content\u00bb]<\/p>\n<p>MASTER EN PREVENCION DE RIESGOS LABORALES<\/p>\n<p><span>Centro: Servicio Norma<\/span>tivo de Formaci\u00f3n (Sevilla).<\/p>\n<p>Promoci\u00f3n: 2009-2010<\/p>\n<p>[\/et_pb_text][\/et_pb_column][et_pb_column type=\u00bb1_3&#8243; _builder_version=\u00bb4.18.0&#8243; _module_preset=\u00bbdefault\u00bb global_colors_info=\u00bb{}\u00bb theme_builder_area=\u00bbpost_content\u00bb][\/et_pb_column][\/et_pb_row][\/et_pb_section][et_pb_section fb_built=\u00bb1&#8243; admin_label=\u00bbFeatures\u00bb _builder_version=\u00bb4.18.1&#8243; _module_preset=\u00bbdefault\u00bb background_color=\u00bb#000000&#8243; background_image=\u00bbhttps:\/\/fernandoromeroarquitecto.es\/wp-content\/uploads\/2026\/02\/architect-6.png\u00bb background_size=\u00bbcustom\u00bb background_image_width=\u00bb24%\u00bb background_position=\u00bbtop_right\u00bb collapsed=\u00bbon\u00bb global_colors_info=\u00bb{}\u00bb theme_builder_area=\u00bbpost_content\u00bb][et_pb_row _builder_version=\u00bb4.27.5&#8243; _module_preset=\u00bbdefault\u00bb hover_enabled=\u00bb0&#8243; global_colors_info=\u00bb{}\u00bb theme_builder_area=\u00bbpost_content\u00bb sticky_enabled=\u00bb0&#8243;][et_pb_column type=\u00bb4_4&#8243; _builder_version=\u00bb4.18.0&#8243; _module_preset=\u00bbdefault\u00bb global_colors_info=\u00bb{}\u00bb theme_builder_area=\u00bbpost_content\u00bb][et_pb_text _builder_version=\u00bb4.18.0&#8243; _module_preset=\u00bbb327cbe4-b1d5-4b66-ad37-40c8f2f061ba\u00bb header_2_font=\u00bbSpace Grotesk|500|||||||\u00bb header_2_font_size=\u00bb60px\u00bb header_2_line_height=\u00bb1.2em\u00bb background_layout=\u00bbdark\u00bb header_2_font_size_tablet=\u00bb32px\u00bb header_2_font_size_phone=\u00bb20px\u00bb header_2_font_size_last_edited=\u00bbon|desktop\u00bb global_colors_info=\u00bb{}\u00bb theme_builder_area=\u00bbpost_content\u00bb]<\/p>\n<h2>Thoughtful Architectural Design<\/h2>\n<p>[\/et_pb_text][\/et_pb_column][\/et_pb_row][et_pb_row _builder_version=\u00bb4.18.0&#8243; _module_preset=\u00bbdefault\u00bb global_colors_info=\u00bb{}\u00bb theme_builder_area=\u00bbpost_content\u00bb][et_pb_column type=\u00bb4_4&#8243; _builder_version=\u00bb4.18.0&#8243; _module_preset=\u00bbdefault\u00bb global_colors_info=\u00bb{}\u00bb theme_builder_area=\u00bbpost_content\u00bb][et_pb_gallery _builder_version=\u00bb4.27.5&#8243; _module_preset=\u00bbdefault\u00bb theme_builder_area=\u00bbpost_content\u00bb gallery_ids=\u00bb86,40,39,95,96,97,98,99,100&#8243; fullwidth=\u00bbon\u00bb hover_enabled=\u00bb0&#8243; sticky_enabled=\u00bb0&#8243;][\/et_pb_gallery][\/et_pb_column][\/et_pb_row][\/et_pb_section][et_pb_section fb_built=\u00bb1&#8243; admin_label=\u00bbProcess\u00bb _builder_version=\u00bb4.18.1&#8243; _module_preset=\u00bbdefault\u00bb collapsed=\u00bbon\u00bb global_colors_info=\u00bb{}\u00bb theme_builder_area=\u00bbpost_content\u00bb][et_pb_row column_structure=\u00bb1_2,1_2&#8243; _builder_version=\u00bb4.18.0&#8243; _module_preset=\u00bbdefault\u00bb global_colors_info=\u00bb{}\u00bb theme_builder_area=\u00bbpost_content\u00bb][et_pb_column type=\u00bb1_2&#8243; _builder_version=\u00bb4.18.0&#8243; _module_preset=\u00bbdefault\u00bb global_colors_info=\u00bb{}\u00bb theme_builder_area=\u00bbpost_content\u00bb][et_pb_image src=\u00bbhttps:\/\/fernandoromeroarquitecto.es\/wp-content\/uploads\/2026\/02\/architect-5b.jpg\u00bb title_text=\u00bbarchitect-5b\u00bb align=\u00bbright\u00bb _builder_version=\u00bb4.18.1&#8243; _module_preset=\u00bbdefault\u00bb width=\u00bb70%\u00bb global_colors_info=\u00bb{}\u00bb theme_builder_area=\u00bbpost_content\u00bb][\/et_pb_image][et_pb_text _builder_version=\u00bb4.18.1&#8243; _module_preset=\u00bbb327cbe4-b1d5-4b66-ad37-40c8f2f061ba\u00bb header_2_font=\u00bbSpace Grotesk|500|||||||\u00bb header_2_font_size=\u00bb60px\u00bb header_2_line_height=\u00bb1.2em\u00bb positioning=\u00bbabsolute\u00bb width=\u00bb60%\u00bb custom_margin=\u00bb30px||||false|false\u00bb header_2_font_size_tablet=\u00bb32px\u00bb header_2_font_size_phone=\u00bb20px\u00bb header_2_font_size_last_edited=\u00bbon|desktop\u00bb global_colors_info=\u00bb{}\u00bb theme_builder_area=\u00bbpost_content\u00bb]<\/p>\n<h2>Formaci\u00f3n &amp; proyectos<\/h2>\n<p>[\/et_pb_text][\/et_pb_column][et_pb_column type=\u00bb1_2&#8243; _builder_version=\u00bb4.18.0&#8243; _module_preset=\u00bbdefault\u00bb global_colors_info=\u00bb{}\u00bb theme_builder_area=\u00bbpost_content\u00bb][et_pb_accordion _builder_version=\u00bb4.27.5&#8243; _module_preset=\u00bbdefault\u00bb theme_builder_area=\u00bbpost_content\u00bb hover_enabled=\u00bb0&#8243; sticky_enabled=\u00bb0&#8243;][et_pb_accordion_item title=\u00bbCURSOS DEL PLAN DE FORMACI\u00d3N CONTINUADA DEL C.O.A.SEVILLA Y UNIVERSIDAD PABLO DE OLAVIDE\u00bb _builder_version=\u00bb4.27.5&#8243; _module_preset=\u00bbdefault\u00bb open=\u00bboff\u00bb theme_builder_area=\u00bbpost_content\u00bb]<\/p>\n<p>DIRECCI\u00d3N DE OBRAS<\/p>\n<p>Centro: FUNDACI\u00d3N PARA LA INVESTIGACI\u00d3N Y DIFUSI\u00d3N DE LA ARQUITECTURA \u201cFIDAS\u201d.<\/p>\n<p>Duraci\u00f3n: 24 h.<span class=\"Apple-converted-space\">\u00a0<\/span><\/p>\n<p>&nbsp;<\/p>\n<p>COMO DIRIGIR Y RENTABILIZAR TU ACTIVIDAD PROFESIONAL<\/p>\n<p>Centro: FUNDACI\u00d3N PARA LA INVESTIGACI\u00d3N Y DIFUSI\u00d3N DE LA ARQUITECTURA \u201cFIDAS\u201d.<\/p>\n<p>Duraci\u00f3n: 15 h.<\/p>\n<p>&nbsp;<\/p>\n<p>SOLUCIONES DE ACCESIBILIDAD VERTICAL EN EDIFICIOS EXISTENTES DE VIVIENDAS<\/p>\n<p>Centro: FUNDACI\u00d3N PARA LA INVESTIGACI\u00d3N Y DIFUSI\u00d3N DE LA ARQUITECTURA \u201cFIDAS\u201d.<\/p>\n<p>Duraci\u00f3n: 7 h.<\/p>\n<p>&nbsp;<\/p>\n<p>INSTALACIONES DE ABASTECIMIENTO DE AGUA Y SANEAMIENTO<\/p>\n<p>Centro: FUNDACI\u00d3N PARA LA INVESTIGACI\u00d3N Y DIFUSI\u00d3N DE LA ARQUITECTURA \u201cFIDAS\u201d.<\/p>\n<p>Duraci\u00f3n: 7 h.<\/p>\n<p><b><\/b><\/p>\n<p>FORMACI\u00d3N ESPECIALIZADA EN PROPIEDAD HORIZONTAL: ADMINISTRADOR DE FINCAS URBANAS<\/p>\n<p>Centro: UNIVERSIDAD PABLO DE OLAVIDE.<\/p>\n<p>Duraci\u00f3n: 6 cr\u00e9ditos.<span class=\"Apple-converted-space\">\u00a0<\/span><\/p>\n<p>[\/et_pb_accordion_item][et_pb_accordion_item title=\u00bbEXPERIENCIA PROFESIONAL COMO JEFE DE OBRAS\u00bb _builder_version=\u00bb4.27.5&#8243; _module_preset=\u00bbdefault\u00bb open=\u00bbon\u00bb theme_builder_area=\u00bbpost_content\u00bb]<\/p>\n<p><span>&#8211; 110 viviendas, garajes, trasteros y locales comerciales en parcelas 1,4,5 y 6 del PERI en la UE-36 del PGOU de Alcal\u00e1 de Guadaira (Sevilla).<\/span><\/p>\n<p><span style=\"font-size: 14px;\">Promotor: Delta Inversi\u00f3n y Urbanismo S.L.<\/span><br \/><span><\/span><\/p>\n<p><span>Construye: Promociones Ruano S.A. <span class=\"Apple-converted-space\">\u00a0 <\/span>(finalizado dic. 2.007)<span class=\"Apple-converted-space\">\u00a0 \u00a0<\/p>\n<p><\/span><\/span><span>&#8211; Edificio para Asociaci\u00f3n de Vecinos \u201cLa Moneda y Las Cruces\u201d glorieta Comunidad Aut\u00f3noma de Asturias s\/n, Dos Hermanas (Sevilla).<span class=\"Apple-converted-space\">\u00a0<\/span><\/span><\/p>\n<p><span style=\"font-size: 14px;\">Promotor: Excmo. Ayuntamiento de Dos Hermanas.<\/span>\u00a0<br \/><span><\/span><\/p>\n<p><span>Construye: Rocrufer S.A. (finalizado dic. 2.010)<\/span><\/p>\n<p><span><br \/>&#8211; kiosco bar en plaza del arenal s\/n, Dos Hermanas (Sevilla).<\/span><\/p>\n<p><span style=\"font-size: 14px;\">Promotor: Excmo. Ayuntamiento de Dos Hermanas.<\/span>\u00a0<br \/><span><\/span><\/p>\n<p><span>Construye: Rocrufer S.A. (finalizado dic. 2.010)<\/span><\/p>\n<p><span>&#8211; Rehabilitaci\u00f3n de cubierta iglesia Santa Mar\u00eda Magdalena, Plaza de la Constituci\u00f3n s\/n, Dos Hermanas (Sevilla).<span class=\"Apple-converted-space\">\u00a0<\/span><\/span><\/p>\n<p><span>Promotor: Arzobispado de Sevilla.<span class=\"Apple-converted-space\">\u00a0<\/span><\/span><\/p>\n<p><span>Construye: Grupo Rocrufer S.L. (finalizado dic. 2.011)<\/span><\/p>\n<p><span>&#8211; Urbanizaci\u00f3n para edificio de oficinas y restaurante Mcdonald\u00b4s, Avda. Adolfo Suarez 39, Dos Hermanas (Sevilla).<span class=\"Apple-converted-space\">\u00a0<\/span><\/span><\/p>\n<p><span>Promotor: Acuario S.L.<span class=\"Apple-converted-space\">\u00a0<\/span><\/span><\/p>\n<p><span>Construye: Grupo Rocrufer S.L. (finalizado dic. 2.012)<\/span><\/p>\n<p>[\/et_pb_accordion_item][et_pb_accordion_item title=\u00bbEXPERIENCIA PROFESIONAL COMO ARQUITECTO Y DIRECTOR DE OBRAS EN LOS \u00daLTIMOS 5 A\u00d1OS\u00bb _builder_version=\u00bb4.27.5&#8243; _module_preset=\u00bbdefault\u00bb open=\u00bboff\u00bb theme_builder_area=\u00bbpost_content\u00bb hover_enabled=\u00bb0&#8243; sticky_enabled=\u00bb0&#8243;]<\/p>\n<p>-Edificio plurifamiliar de 14 viviendas aisladas, locales, garajes y trastreros. Dos Hermanas (Sevilla).Promoci\u00f3n privada. JVS Capital Investment, S.L.U.<\/p>\n<p>Superficie construida: 1.828,05 m<span><sup>2<\/sup><\/span>.<br \/>PEM: 892.371,50 \u20ac<br \/>Julio de 2023.<\/p>\n<p>-Conjunto residencial Finca de Quinto. 17 viviendas aisladas. Dos Hermanas (Sevilla).<\/p>\n<p>Promoci\u00f3n privada. Inversiones Dapesa, S.L. + Rochebon Inversiones, S.L.U.<\/p>\n<p>Superficie construida: 1.783,77 m<span><sup>2<\/sup><\/span>.<br \/>PEM: 1.795.511,50 \u20ac<br \/>Septiembre de 2024.<\/p>\n<p>-Conjunto residencial La Calera. 30 viviendas unifamiliares adosadas. El Cuervo de Sevilla (Sevilla).<\/p>\n<p>Promoci\u00f3n privada. EZ Buenavista Rentas y Capitales, S.L.<\/p>\n<p>Superficie construida: 3.426,02 m<sup>2<\/sup>.<br \/>PEM: 1.065.180,11 \u20ac<br \/>Enero de 2024.<\/p>\n<p>-Conjunto residencial Olivar de Quinto. 24 viviendas pareadas. Dos Hermanas (Sevilla).<\/p>\n<p>Promoci\u00f3n privada en <b>r\u00e9gimen de cooperativa<\/b>. Gestora: Grupo Galia.<\/p>\n<p>Superficie construida: 3.635,40 m<span><sup>2<\/sup><\/span>.<br \/>PEM: 2.425.816,89 \u20ac<br \/>En ejecuci\u00f3n.<\/p>\n<p>-Conjunto residencial UA20 Entren\u00facleos. 21 viviendas aisladas. Dos Hermanas (Sevilla).<\/p>\n<p>Promoci\u00f3n privada en <b>r\u00e9gimen de cooperativa<\/b>. Gestora: Grupo Galia.<\/p>\n<p>Superficie construida: 3.855,21 m<span><sup>2<\/sup><\/span>.<br \/>PEM: 2.724.753,83 \u20ac<br \/>En ejecuci\u00f3n.<\/p>\n<p>-Conjunto residencial UG8 Entren\u00facleos. 28 viviendas unifamiliares agrupadas. Dos Hermanas (Sevilla).<\/p>\n<p>Promoci\u00f3n privada en <b>r\u00e9gimen de cooperativa<\/b>. Gestora: Grupo Galia.<\/p>\n<p>Superficie construida: 3.932,44 m<sup>2<\/sup>.<br \/>PEM: 2.503.622,56 \u20ac<br \/>En ejecuci\u00f3n.<\/p>\n<p>-Conjunto residencial Los Frutales. 10 + 1 viviendas aisladas. Dos Hermanas (Sevilla).<\/p>\n<p>Promoci\u00f3n privada en <b>r\u00e9gimen de cooperativa<\/b>. Gestora: Grupo Galia.<\/p>\n<p>Superficie construida: 2.027,76 m<span><sup>2<\/sup><\/span>.<br \/>PEM: 1.482.089,74 \u20ac<br \/>En ejecuci\u00f3n.<\/p>\n<p>-Vivienda unifamiliar aislada. Utrera (Sevilla).<\/p>\n<p>Promotor privado<\/p>\n<p>Superficie construida: 1.614,92 m<span><sup>2<\/sup><\/span>.<br \/>PEM: 1.536.125,58 \u20ac<br \/>En ejecuci\u00f3n.<\/p>\n<p>-Conjunto residencial Arcos37. Edificio plurifamiliar de 21 viviendas, garajes y trasteros. Lebrija (Sevilla).<\/p>\n<p>Promoci\u00f3n privada en <b>r\u00e9gimen de cooperativa<\/b>. Gestora: Urvima Servicios Urban\u00edsticos, S.L.<\/p>\n<p>Superficie construida: 1.959,38 m<span><sup>2<\/sup><\/span>.<br \/>PEM: 1.184.221 \u20ac<br \/>Para iniciar en 2026.<\/p>\n<p>-Conjunto residencial Vista Hontoria. Edificio plurifamiliar de 58 vivienda, locales, garajes y trasteros. Jerez de la Frontera (C\u00e1diz).<\/p>\n<p>Promoci\u00f3n privada. EZ Buenavista Rentas y Capitales, S.L.<\/p>\n<p>Superficie construida: 11.023,42 m<span><sup>2<\/sup><\/span>.<br \/>PEM: 5.025.732,93 \u20ac<br \/>Para iniciar en 2026.<\/p>\n<p><b>OTROS PROYECTOS RELEVANTES COMO ARQUITECTO Y DIRECTOR DE OBRAS<\/b><\/p>\n<p><b><\/b><\/p>\n<p>-Adecuaci\u00f3n para sede de las oficinas del Servicio Andaluz de Empleo en Mor\u00f3n de la Frontera (Sevilla).<span class=\"Apple-converted-space\">\u00a0<\/span><\/p>\n<p>Promoci\u00f3n p\u00fablica.<span class=\"Apple-converted-space\">\u00a0<\/span><\/p>\n<p>Superficie construida: 622,89 m<span><sup>2<\/sup><\/span>.<br \/>PEM: 418.592,69 \u20ac<br \/>Diciembre de 2019.<\/p>\n<p>-Edificio administrativo para el servicio mar\u00edtimo de la Guardia civil en el puerto de Santander.<span class=\"Apple-converted-space\">\u00a0<\/span><\/p>\n<p>Promoci\u00f3n p\u00fablica.<span class=\"Apple-converted-space\"> <br \/><\/span>Superficie construida: 487,13 m<sup>2<\/sup>.<br \/>PEM: 449.579,83 \u20ac<br \/>Mayo de 2021.<\/p>\n<p>-Oficinas de distrito Bellavista-La Palmera de Sevilla.<span class=\"Apple-converted-space\">\u00a0<\/span><\/p>\n<p>Promoci\u00f3n p\u00fablica.<span class=\"Apple-converted-space\">\u00a0<\/span><\/p>\n<p>Superficie construida: 645,00 m<span><sup>2<\/sup><\/span>.<br \/>PEM: 627.014,74 \u20ac<br \/>Marzo de 2023.<\/p>\n<p>-Construcci\u00f3n de 40 naves sin uso definido. Lebrija (Sevilla).<span class=\"Apple-converted-space\">\u00a0<\/span><\/p>\n<p>Promoci\u00f3n privada en <b>r\u00e9gimen de cooperativa<\/b>.<span class=\"Apple-converted-space\">\u00a0<\/span><\/p>\n<p>Superficie construida: 13.715,02 m<span><sup>2<\/sup><\/span>.<br \/>PEM: 4.530.388,57 \u20ac<br \/>Enero de 2024 fase 1 de 26 naves, pendiente Fase 2 de 14 naves.<\/p>\n<p>-Centro de socio-cultural para la tercera edad de consumo energ\u00e9tico casi nulo. El Cuervo de Sevilla (Sevilla).<\/p>\n<p>Promoci\u00f3n p\u00fablica.<span class=\"Apple-converted-space\">\u00a0<\/span><\/p>\n<p>Superficie construida: 599,49 m<span><sup>2<\/sup><\/span>.<br \/>PEM: 698.355,85 \u20ac<br \/>En ejecuci\u00f3n.<\/p>\n<p>[\/et_pb_accordion_item][\/et_pb_accordion][\/et_pb_column][\/et_pb_row][\/et_pb_section]<\/p>\n","protected":false},"excerpt":{"rendered":"<p>Sobre m\u00edSince1979FORMACI\u00d3N ACAD\u00c9MICA\u00a0ARQUITECTO SUPERIOR Centro: Escuela T\u00e9cnica Superior de Arquitectura (Universidad de Sevilla). Promoci\u00f3n: 1997-1998. Plan 75.\u00a0OTRAS FORMACIONESMASTER EN PREVENCION DE RIESGOS LABORALES Centro: Servicio Normativo de Formaci\u00f3n (Sevilla). Promoci\u00f3n: 2009-2010Thoughtful Architectural DesignFormaci\u00f3n &amp; proyectosDIRECCI\u00d3N DE OBRAS Centro: FUNDACI\u00d3N PARA LA INVESTIGACI\u00d3N Y DIFUSI\u00d3N DE LA ARQUITECTURA \u201cFIDAS\u201d. Duraci\u00f3n: 24 h.\u00a0 &nbsp; COMO DIRIGIR Y [&hellip;]<\/p>\n","protected":false},"author":1,"featured_media":0,"parent":0,"menu_order":0,"comment_status":"closed","ping_status":"closed","template":"","meta":{"_et_pb_use_builder":"on","_et_pb_old_content":"","_et_gb_content_width":"","footnotes":""},"class_list":["post-75","page","type-page","status-publish","hentry"],"_links":{"self":[{"href":"https:\/\/fernandoromeroarquitecto.es\/index.php\/wp-json\/wp\/v2\/pages\/75","targetHints":{"allow":["GET"]}}],"collection":[{"href":"https:\/\/fernandoromeroarquitecto.es\/index.php\/wp-json\/wp\/v2\/pages"}],"about":[{"href":"https:\/\/fernandoromeroarquitecto.es\/index.php\/wp-json\/wp\/v2\/types\/page"}],"author":[{"embeddable":true,"href":"https:\/\/fernandoromeroarquitecto.es\/index.php\/wp-json\/wp\/v2\/users\/1"}],"replies":[{"embeddable":true,"href":"https:\/\/fernandoromeroarquitecto.es\/index.php\/wp-json\/wp\/v2\/comments?post=75"}],"version-history":[{"count":7,"href":"https:\/\/fernandoromeroarquitecto.es\/index.php\/wp-json\/wp\/v2\/pages\/75\/revisions"}],"predecessor-version":[{"id":101,"href":"https:\/\/fernandoromeroarquitecto.es\/index.php\/wp-json\/wp\/v2\/pages\/75\/revisions\/101"}],"wp:attachment":[{"href":"https:\/\/fernandoromeroarquitecto.es\/index.php\/wp-json\/wp\/v2\/media?parent=75"}],"curies":[{"name":"wp","href":"https:\/\/api.w.org\/{rel}","templated":true}]}}